{"id":19576,"date":"2025-10-22T15:41:28","date_gmt":"2025-10-22T15:41:28","guid":{"rendered":"https:\/\/www.3d2cut.com\/?page_id=19576"},"modified":"2025-11-06T11:40:02","modified_gmt":"2025-11-06T11:40:02","slug":"contacto","status":"publish","type":"page","link":"https:\/\/www.3d2cut.com\/es\/contact-us\/","title":{"rendered":"P\u00f3ngase en contacto con"},"content":{"rendered":"\t\t<div data-elementor-type=\"wp-page\" data-elementor-id=\"19576\" class=\"elementor elementor-19576\" data-elementor-post-type=\"page\">\n\t\t\t\t\t\t<section class=\"dl-paralax-section elementor-section elementor-top-section elementor-element elementor-element-daf4fb9 drdt-ignore-dark elementor-section-boxed elementor-section-height-default elementor-section-height-default\" data-dl_parallax=\"[{&quot;_id&quot;:&quot;87b4c0f&quot;,&quot;image&quot;:{&quot;url&quot;:&quot;https:\\\/\\\/www.3d2cut.com\\\/wp-content\\\/uploads\\\/2025\\\/10\\\/background.png&quot;,&quot;id&quot;:19006,&quot;size&quot;:&quot;&quot;,&quot;alt&quot;:&quot;&quot;,&quot;source&quot;:&quot;library&quot;},&quot;dl_item_width&quot;:&quot;initial&quot;,&quot;dl_width_custom_width&quot;:{&quot;unit&quot;:&quot;px&quot;,&quot;size&quot;:1700,&quot;sizes&quot;:[]},&quot;dl_width_custom_width_tablet&quot;:{&quot;unit&quot;:&quot;px&quot;,&quot;size&quot;:868,&quot;sizes&quot;:[]},&quot;dl_width_vertical_align&quot;:&quot;flex-end&quot;,&quot;dl_item_position&quot;:&quot;yes&quot;,&quot;dl_offset_x&quot;:{&quot;unit&quot;:&quot;px&quot;,&quot;size&quot;:435,&quot;sizes&quot;:[]},&quot;dl_offset_x_tablet&quot;:{&quot;unit&quot;:&quot;px&quot;,&quot;size&quot;:107,&quot;sizes&quot;:[]},&quot;dl_offset_y&quot;:{&quot;unit&quot;:&quot;px&quot;,&quot;size&quot;:272,&quot;sizes&quot;:[]},&quot;dl_offset_y_tablet&quot;:{&quot;unit&quot;:&quot;px&quot;,&quot;size&quot;:-21,&quot;sizes&quot;:[]},&quot;dl_zindex&quot;:0,&quot;dl_item_opacity&quot;:1.1,&quot;dl_parallax_data_popup&quot;:&quot;yes&quot;,&quot;dl_scale_x_axix&quot;:0,&quot;dl_item_width_tablet&quot;:&quot;&quot;,&quot;dl_item_width_mobile&quot;:&quot;&quot;,&quot;dl_translate_x_axix&quot;:0,&quot;dl_translate_y_axix&quot;:100,&quot;dl_rotate_x_axix&quot;:&quot;&quot;,&quot;dl_rotate_y_axix&quot;:&quot;&quot;,&quot;dl_rotate_z_axix&quot;:&quot;&quot;,&quot;dl_scale_y_axix&quot;:&quot;&quot;,&quot;dl_scale_z_axix&quot;:&quot;&quot;,&quot;dl_item_depth&quot;:0.1,&quot;dl_wow_enable&quot;:&quot;&quot;,&quot;dl_animation&quot;:null,&quot;dl_animation_duration&quot;:null,&quot;dl_animation_delay&quot;:null,&quot;dl_hide_tablet&quot;:&quot;&quot;,&quot;dl_hide_mobile&quot;:&quot;&quot;,&quot;item_source&quot;:&quot;image&quot;,&quot;dl_width_custom_width_mobile&quot;:{&quot;unit&quot;:&quot;px&quot;,&quot;size&quot;:&quot;&quot;,&quot;sizes&quot;:[]},&quot;dl_width_vertical_align_tablet&quot;:&quot;&quot;,&quot;dl_width_vertical_align_mobile&quot;:&quot;&quot;,&quot;dl_offset_orientation_h&quot;:&quot;start&quot;,&quot;dl_offset_x_mobile&quot;:{&quot;unit&quot;:&quot;px&quot;,&quot;size&quot;:&quot;&quot;,&quot;sizes&quot;:[]},&quot;dl_offset_x_end&quot;:null,&quot;dl_offset_x_end_tablet&quot;:null,&quot;dl_offset_x_end_mobile&quot;:null,&quot;dl_offset_orientation_v&quot;:&quot;start&quot;,&quot;dl_offset_y_mobile&quot;:{&quot;unit&quot;:&quot;px&quot;,&quot;size&quot;:&quot;&quot;,&quot;sizes&quot;:[]},&quot;dl_offset_y_end&quot;:null,&quot;dl_offset_y_end_tablet&quot;:null,&quot;dl_offset_y_end_mobile&quot;:null}]\" data-dl_move=\"{&quot;dl_parallaxmove_enable&quot;:&quot;no&quot;,&quot;dl_scalar_x_axix&quot;:null,&quot;dl_scalar_y_axix&quot;:null}\" data-id=\"daf4fb9\" data-element_type=\"section\" data-e-type=\"section\" data-settings=\"{&quot;background_background&quot;:&quot;gradient&quot;,&quot;dl_parallax_repeater_data&quot;:[{&quot;_id&quot;:&quot;87b4c0f&quot;,&quot;image&quot;:{&quot;url&quot;:&quot;https:\\\/\\\/www.3d2cut.com\\\/wp-content\\\/uploads\\\/2025\\\/10\\\/background.png&quot;,&quot;id&quot;:19006,&quot;size&quot;:&quot;&quot;,&quot;alt&quot;:&quot;&quot;,&quot;source&quot;:&quot;library&quot;},&quot;dl_item_width&quot;:&quot;initial&quot;,&quot;dl_width_custom_width&quot;:{&quot;unit&quot;:&quot;px&quot;,&quot;size&quot;:1700,&quot;sizes&quot;:[]},&quot;dl_width_custom_width_tablet&quot;:{&quot;unit&quot;:&quot;px&quot;,&quot;size&quot;:868,&quot;sizes&quot;:[]},&quot;dl_width_vertical_align&quot;:&quot;flex-end&quot;,&quot;dl_item_position&quot;:&quot;yes&quot;,&quot;dl_offset_x&quot;:{&quot;unit&quot;:&quot;px&quot;,&quot;size&quot;:435,&quot;sizes&quot;:[]},&quot;dl_offset_x_tablet&quot;:{&quot;unit&quot;:&quot;px&quot;,&quot;size&quot;:107,&quot;sizes&quot;:[]},&quot;dl_offset_y&quot;:{&quot;unit&quot;:&quot;px&quot;,&quot;size&quot;:272,&quot;sizes&quot;:[]},&quot;dl_offset_y_tablet&quot;:{&quot;unit&quot;:&quot;px&quot;,&quot;size&quot;:-21,&quot;sizes&quot;:[]},&quot;dl_zindex&quot;:0,&quot;dl_item_opacity&quot;:1.1,&quot;dl_parallax_data_popup&quot;:&quot;yes&quot;,&quot;dl_scale_x_axix&quot;:0,&quot;dl_item_width_tablet&quot;:&quot;&quot;,&quot;dl_item_width_mobile&quot;:&quot;&quot;,&quot;dl_translate_x_axix&quot;:0,&quot;dl_translate_y_axix&quot;:100,&quot;dl_rotate_x_axix&quot;:&quot;&quot;,&quot;dl_rotate_y_axix&quot;:&quot;&quot;,&quot;dl_rotate_z_axix&quot;:&quot;&quot;,&quot;dl_scale_y_axix&quot;:&quot;&quot;,&quot;dl_scale_z_axix&quot;:&quot;&quot;,&quot;dl_item_depth&quot;:0.1,&quot;dl_wow_enable&quot;:&quot;&quot;,&quot;dl_animation&quot;:null,&quot;dl_animation_duration&quot;:null,&quot;dl_animation_delay&quot;:null,&quot;dl_hide_tablet&quot;:&quot;&quot;,&quot;dl_hide_mobile&quot;:&quot;&quot;,&quot;item_source&quot;:&quot;image&quot;,&quot;dl_width_custom_width_mobile&quot;:{&quot;unit&quot;:&quot;px&quot;,&quot;size&quot;:&quot;&quot;,&quot;sizes&quot;:[]},&quot;dl_width_vertical_align_tablet&quot;:&quot;&quot;,&quot;dl_width_vertical_align_mobile&quot;:&quot;&quot;,&quot;dl_offset_orientation_h&quot;:&quot;start&quot;,&quot;dl_offset_x_mobile&quot;:{&quot;unit&quot;:&quot;px&quot;,&quot;size&quot;:&quot;&quot;,&quot;sizes&quot;:[]},&quot;dl_offset_x_end&quot;:null,&quot;dl_offset_x_end_tablet&quot;:null,&quot;dl_offset_x_end_mobile&quot;:null,&quot;dl_offset_orientation_v&quot;:&quot;start&quot;,&quot;dl_offset_y_mobile&quot;:{&quot;unit&quot;:&quot;px&quot;,&quot;size&quot;:&quot;&quot;,&quot;sizes&quot;:[]},&quot;dl_offset_y_end&quot;:null,&quot;dl_offset_y_end_tablet&quot;:null,&quot;dl_offset_y_end_mobile&quot;:null}]}\">\n\t\t\t\t\t\t<div class=\"elementor-container elementor-column-gap-default\">\n\t\t\t\t\t<div class=\"elementor-column elementor-col-50 elementor-top-column elementor-element elementor-element-4384a6dc\" data-id=\"4384a6dc\" data-element_type=\"column\" data-e-type=\"column\">\n\t\t\t<div class=\"elementor-widget-wrap elementor-element-populated\">\n\t\t\t\t\t\t<div class=\"elementor-element elementor-element-01b6d7f elementor-widget elementor-widget-html\" data-id=\"01b6d7f\" data-element_type=\"widget\" data-e-type=\"widget\" data-widget_type=\"html.default\">\n\t\t\t\t\t<script src=\"https:\/\/js-eu1.hsforms.net\/forms\/embed\/145958478.js\" defer><\/script>\r\n<div class=\"hs-form-frame\" data-region=\"eu1\" data-form-id=\"7e7d466c-5154-48b4-b2a0-3c392e56729c\" data-portal-id=\"145958478\"><\/div>\t\t\t\t<\/div>\n\t\t\t\t\t<\/div>\n\t\t<\/div>\n\t\t\t\t<div class=\"elementor-column elementor-col-50 elementor-top-column elementor-element elementor-element-59126736 elementor-invisible\" data-id=\"59126736\" data-element_type=\"column\" data-e-type=\"column\" data-settings=\"{&quot;animation&quot;:&quot;fadeInLeft&quot;,&quot;background_background&quot;:&quot;classic&quot;}\">\n\t\t\t<div class=\"elementor-widget-wrap elementor-element-populated\">\n\t\t\t\t\t\t<div class=\"elementor-element elementor-element-1929851 elementor-invisible elementor-widget elementor-widget-heading\" data-id=\"1929851\" data-element_type=\"widget\" data-e-type=\"widget\" data-settings=\"{&quot;_animation&quot;:&quot;fadeInUp&quot;}\" data-widget_type=\"heading.default\">\n\t\t\t\t\t<h2 class=\"elementor-heading-title elementor-size-default\">Office Address<\/h2>\t\t\t\t<\/div>\n\t\t\t\t<div class=\"elementor-element elementor-element-782f3766 elementor-invisible elementor-widget elementor-widget-heading\" data-id=\"782f3766\" data-element_type=\"widget\" data-e-type=\"widget\" data-settings=\"{&quot;_animation&quot;:&quot;fadeInUp&quot;}\" data-widget_type=\"heading.default\">\n\t\t\t\t\t<p class=\"elementor-heading-title elementor-size-default\">3D2cut SA, IdeArk Oasis, Rue des Vorziers 8, 1920 Martigny<\/p>\t\t\t\t<\/div>\n\t\t\t\t<div class=\"elementor-element elementor-element-26cc727 elementor-invisible elementor-widget elementor-widget-heading\" data-id=\"26cc727\" data-element_type=\"widget\" data-e-type=\"widget\" data-settings=\"{&quot;_animation&quot;:&quot;fadeInUp&quot;}\" data-widget_type=\"heading.default\">\n\t\t\t\t\t<h2 class=\"elementor-heading-title elementor-size-default\">Company Address<\/h2>\t\t\t\t<\/div>\n\t\t\t\t<div class=\"elementor-element elementor-element-e001205 elementor-invisible elementor-widget elementor-widget-heading\" data-id=\"e001205\" data-element_type=\"widget\" data-e-type=\"widget\" data-settings=\"{&quot;_animation&quot;:&quot;fadeInUp&quot;}\" data-widget_type=\"heading.default\">\n\t\t\t\t\t<p class=\"elementor-heading-title elementor-size-default\">3D2cut SA, 29 Route de Sion CP 140, 3960 Sierre<\/p>\t\t\t\t<\/div>\n\t\t\t\t<div class=\"elementor-element elementor-element-9821679 elementor-invisible elementor-widget elementor-widget-heading\" data-id=\"9821679\" data-element_type=\"widget\" data-e-type=\"widget\" data-settings=\"{&quot;_animation&quot;:&quot;fadeInUp&quot;}\" data-widget_type=\"heading.default\">\n\t\t\t\t\t<h2 class=\"elementor-heading-title elementor-size-default\">Contact<\/h2>\t\t\t\t<\/div>\n\t\t\t\t<div class=\"elementor-element elementor-element-630a4a9 elementor-invisible elementor-widget elementor-widget-heading\" data-id=\"630a4a9\" data-element_type=\"widget\" data-e-type=\"widget\" data-settings=\"{&quot;_animation&quot;:&quot;fadeInUp&quot;}\" data-widget_type=\"heading.default\">\n\t\t\t\t\t<p class=\"elementor-heading-title elementor-size-default\">Phone:  <a href=\"tel:+41275521341\">+41 (0) 27 552 13 41<\/a><br>\nEmail: <a href=\"mailto:johndoe@fakeemail.com\"> info@3d2cut.com<\/a><\/p>\t\t\t\t<\/div>\n\t\t\t\t\t<\/div>\n\t\t<\/div>\n\t\t\t\t\t<\/div>\n\t\t<\/section>\n\t\t\t\t<section class=\"elementor-section elementor-top-section elementor-element elementor-element-4028ae7 elementor-section-boxed elementor-section-height-default elementor-section-height-default\" data-id=\"4028ae7\" data-element_type=\"section\" data-e-type=\"section\" data-settings=\"{&quot;background_background&quot;:&quot;classic&quot;}\">\n\t\t\t\t\t\t<div class=\"elementor-container elementor-column-gap-default\">\n\t\t\t\t\t<div class=\"elementor-column elementor-col-50 elementor-top-column elementor-element elementor-element-a20e321\" data-id=\"a20e321\" data-element_type=\"column\" data-e-type=\"column\">\n\t\t\t<div class=\"elementor-widget-wrap elementor-element-populated\">\n\t\t\t\t\t\t<div class=\"elementor-element elementor-element-0decc3d elementor-icon-list--layout-inline elementor-mobile-align-center elementor-list-item-link-full_width elementor-widget elementor-widget-icon-list\" data-id=\"0decc3d\" data-element_type=\"widget\" data-e-type=\"widget\" data-widget_type=\"icon-list.default\">\n\t\t\t\t\t\t\t<ul class=\"elementor-icon-list-items elementor-inline-items\">\n\t\t\t\t\t\t\t<li class=\"elementor-icon-list-item elementor-inline-item\">\n\t\t\t\t\t\t\t\t\t\t\t<a href=\"https:\/\/www.3d2cut.com\/\">\n\n\t\t\t\t\t\t\t\t\t\t\t<span class=\"elementor-icon-list-text\">About 3D2cut<\/span>\n\t\t\t\t\t\t\t\t\t\t\t<\/a>\n\t\t\t\t\t\t\t\t\t<\/li>\n\t\t\t\t\t\t\t\t<li class=\"elementor-icon-list-item elementor-inline-item\">\n\t\t\t\t\t\t\t\t\t\t\t<a href=\"https:\/\/www.3d2cut.com\/digital-vine-pruning-training\/\">\n\n\t\t\t\t\t\t\t\t\t\t\t<span class=\"elementor-icon-list-text\">Digital Vine Pruning<\/span>\n\t\t\t\t\t\t\t\t\t\t\t<\/a>\n\t\t\t\t\t\t\t\t\t<\/li>\n\t\t\t\t\t\t\t\t<li class=\"elementor-icon-list-item elementor-inline-item\">\n\t\t\t\t\t\t\t\t\t\t\t<a href=\"https:\/\/www.3d2cut.com\/ai-ar-pruning-glasses\/\">\n\n\t\t\t\t\t\t\t\t\t\t\t<span class=\"elementor-icon-list-text\">AI \/ AR Glasses<\/span>\n\t\t\t\t\t\t\t\t\t\t\t<\/a>\n\t\t\t\t\t\t\t\t\t<\/li>\n\t\t\t\t\t\t\t\t<li class=\"elementor-icon-list-item elementor-inline-item\">\n\t\t\t\t\t\t\t\t\t\t\t<a href=\"https:\/\/www.3d2cut.com\/contact-us\/\">\n\n\t\t\t\t\t\t\t\t\t\t\t<span class=\"elementor-icon-list-text\">Contact us<\/span>\n\t\t\t\t\t\t\t\t\t\t\t<\/a>\n\t\t\t\t\t\t\t\t\t<\/li>\n\t\t\t\t\t\t<\/ul>\n\t\t\t\t\t\t<\/div>\n\t\t\t\t\t<\/div>\n\t\t<\/div>\n\t\t\t\t<div class=\"elementor-column elementor-col-50 elementor-top-column elementor-element elementor-element-756bc3b\" data-id=\"756bc3b\" data-element_type=\"column\" data-e-type=\"column\">\n\t\t\t<div class=\"elementor-widget-wrap elementor-element-populated\">\n\t\t\t\t\t\t<div class=\"elementor-element elementor-element-56ddc25 elementor-shape-square e-grid-align-tablet-right e-grid-align-mobile-center e-grid-align-right elementor-grid-0 elementor-widget elementor-widget-social-icons\" data-id=\"56ddc25\" data-element_type=\"widget\" data-e-type=\"widget\" data-widget_type=\"social-icons.default\">\n\t\t\t\t\t\t\t<div class=\"elementor-social-icons-wrapper elementor-grid\">\n\t\t\t\t\t\t\t<span class=\"elementor-grid-item\">\n\t\t\t\t\t<a class=\"elementor-icon elementor-social-icon elementor-social-icon-linkedin elementor-repeater-item-57ac1e0\" href=\"https:\/\/www.linkedin.com\/company\/3d2cut\" target=\"_blank\">\n\t\t\t\t\t\t<span class=\"elementor-screen-only\">Linkedin<\/span>\n\t\t\t\t\t\t<svg aria-hidden=\"true\" class=\"e-font-icon-svg e-fab-linkedin\" viewBox=\"0 0 448 512\" xmlns=\"http:\/\/www.w3.org\/2000\/svg\"><path d=\"M416 32H31.9C14.3 32 0 46.5 0 64.3v383.4C0 465.5 14.3 480 31.9 480H416c17.6 0 32-14.5 32-32.3V64.3c0-17.8-14.4-32.3-32-32.3zM135.4 416H69V202.2h66.5V416zm-33.2-243c-21.3 0-38.5-17.3-38.5-38.5S80.9 96 102.2 96c21.2 0 38.5 17.3 38.5 38.5 0 21.3-17.2 38.5-38.5 38.5zm282.1 243h-66.4V312c0-24.8-.5-56.7-34.5-56.7-34.6 0-39.9 27-39.9 54.9V416h-66.4V202.2h63.7v29.2h.9c8.9-16.8 30.6-34.5 62.9-34.5 67.2 0 79.7 44.3 79.7 101.9V416z\"><\/path><\/svg>\t\t\t\t\t<\/a>\n\t\t\t\t<\/span>\n\t\t\t\t\t<\/div>\n\t\t\t\t\t\t<\/div>\n\t\t\t\t<div class=\"elementor-element elementor-element-04d4fa4 elementor-widget elementor-widget-text-editor\" data-id=\"04d4fa4\" data-element_type=\"widget\" data-e-type=\"widget\" data-widget_type=\"text-editor.default\">\n\t\t\t\t\t\t\t\t\t<p class=\"rave-heart-icon\">\u00a92025 3D2cut SA All rights reserved<\/p>\t\t\t\t\t\t\t\t<\/div>\n\t\t\t\t\t<\/div>\n\t\t<\/div>\n\t\t\t\t\t<\/div>\n\t\t<\/section>\n\t\t\t\t<\/div>\n\t\t","protected":false},"excerpt":{"rendered":"<p>Direcci\u00f3n de la oficina 3D2cut SA, IdeArk Oasis, Rue des Vorziers 8, 1920 Martigny Direcci\u00f3n de la empresa 3D2cut SA, 29 Route de Sion CP 140, 3960 Sierre Tel\u00e9fono de contacto: +41 (0) 27 552 13 41 Email: info@3d2cut.com Acerca de 3D2cut Poda digital de la vid AI \/ AR Gafas Contacto Linkedin \u00a92025 3D2cut SA Todos los derechos reservados<\/p>","protected":false},"author":1,"featured_media":19207,"parent":0,"menu_order":0,"comment_status":"closed","ping_status":"closed","template":"elementor_header_footer","meta":{"_acf_changed":false,"content-type":"","om_disable_all_campaigns":false,"_monsterinsights_skip_tracking":false,"_monsterinsights_sitenote_active":false,"_monsterinsights_sitenote_note":"","_monsterinsights_sitenote_category":0,"footnotes":""},"class_list":["post-19576","page","type-page","status-publish","has-post-thumbnail","hentry"],"acf":[],"aioseo_notices":[],"_links":{"self":[{"href":"https:\/\/www.3d2cut.com\/es\/wp-json\/wp\/v2\/pages\/19576","targetHints":{"allow":["GET"]}}],"collection":[{"href":"https:\/\/www.3d2cut.com\/es\/wp-json\/wp\/v2\/pages"}],"about":[{"href":"https:\/\/www.3d2cut.com\/es\/wp-json\/wp\/v2\/types\/page"}],"author":[{"embeddable":true,"href":"https:\/\/www.3d2cut.com\/es\/wp-json\/wp\/v2\/users\/1"}],"replies":[{"embeddable":true,"href":"https:\/\/www.3d2cut.com\/es\/wp-json\/wp\/v2\/comments?post=19576"}],"version-history":[{"count":63,"href":"https:\/\/www.3d2cut.com\/es\/wp-json\/wp\/v2\/pages\/19576\/revisions"}],"predecessor-version":[{"id":20245,"href":"https:\/\/www.3d2cut.com\/es\/wp-json\/wp\/v2\/pages\/19576\/revisions\/20245"}],"wp:featuredmedia":[{"embeddable":true,"href":"https:\/\/www.3d2cut.com\/es\/wp-json\/wp\/v2\/media\/19207"}],"wp:attachment":[{"href":"https:\/\/www.3d2cut.com\/es\/wp-json\/wp\/v2\/media?parent=19576"}],"curies":[{"name":"wp","href":"https:\/\/api.w.org\/{rel}","templated":true}]}}